{"id":1832,"date":"2024-07-17T02:06:58","date_gmt":"2024-07-17T02:06:58","guid":{"rendered":"https:\/\/www.thediveshopoldprovidence.com\/?post_type=product&#038;p=1832"},"modified":"2026-01-01T18:13:32","modified_gmt":"2026-01-01T23:13:32","slug":"advance-open-water-diver","status":"publish","type":"product","link":"https:\/\/www.thediveshopoldprovidence.com\/es\/reservas\/cursos\/advance-open-water-diver\/","title":{"rendered":"Advance Open Water Diver"},"content":{"rendered":"<p>Sum\u00e9rgete en el apasionante mundo del buceo con nuestro curso Advanced Open Water Diver. Este programa integral est\u00e1 dise\u00f1ado para elevar tu destreza y confianza en el buceo. En el transcurso de 3 emocionantes d\u00edas, realizar\u00e1s 5 inmersiones en aguas abiertas, que incluyen una inmersi\u00f3n de navegaci\u00f3n, una inmersi\u00f3n profunda y tres inmersiones especializadas, como buceo en naufragios, identificaci\u00f3n de peces y flotabilidad m\u00e1xima. Se desarrolla la teor\u00eda a trav\u00e9s de un manual online elearning de PADI, lo que garantiza una experiencia de aprendizaje te\u00f3rico fluida y atractiva. Al finalizar, recibir\u00e1s tu certificaci\u00f3n PADI, que marcar\u00e1 tu dominio de las habilidades de buceo avanzadas.<\/p>\n<p>Incluye:<\/p>\n<ul>\n<li>5 inmersiones de aventura diurnas<\/li>\n<li>Equipo de buceo completo (BCD, regulador, m\u00e1scara, esn\u00f3rquel, correas y tanques) *Computador de buceo no incluido.<\/li>\n<li>Snack<\/li>\n<li>Instructor<\/li>\n<li>Ducha<\/li>\n<li>Caf\u00e9<\/li>\n<li>Agua<\/li>\n<li>Transporte desde el hotel &#8211; tienda de buceo &#8211; hotel<\/li>\n<\/ul>\n","protected":false},"excerpt":{"rendered":"<p>Sum\u00e9rgete en el apasionante mundo del buceo con nuestro curso Advanced Open Water Diver. Este programa integral est\u00e1 dise\u00f1ado para elevar tu destreza y confianza en el buceo. En el transcurso de 3 emocionantes d\u00edas, realizar\u00e1s 5 inmersiones en aguas abiertas, que incluyen una inmersi\u00f3n de navegaci\u00f3n, una inmersi\u00f3n profunda y tres inmersiones especializadas, como [&hellip;]<\/p>\n","protected":false},"featured_media":1717,"comment_status":"open","ping_status":"closed","template":"","meta":{"site-sidebar-layout":"default","site-content-layout":"","ast-site-content-layout":"default","site-content-style":"default","site-sidebar-style":"default","ast-global-header-display":"","ast-banner-title-visibility":"","ast-main-header-display":"","ast-hfb-above-header-display":"","ast-hfb-below-header-display":"","ast-hfb-mobile-header-display":"","site-post-title":"","ast-breadcrumbs-content":"","ast-featured-img":"","footer-sml-layout":"","theme-transparent-header-meta":"default","adv-header-id-meta":"","stick-header-meta":"","header-above-stick-meta":"","header-main-stick-meta":"","header-below-stick-meta":"","astra-migrate-meta-layouts":"set","ast-page-background-enabled":"default","ast-page-background-meta":{"desktop":{"background-color":"","background-image":"","background-repeat":"repeat","background-position":"center center","background-size":"auto","background-attachment":"scroll","background-type":"","background-media":"","overlay-type":"","overlay-color":"","overlay-opacity":"","overlay-gradient":""},"tablet":{"background-color":"","background-image":"","background-repeat":"repeat","background-position":"center center","background-size":"auto","background-attachment":"scroll","background-type":"","background-media":"","overlay-type":"","overlay-color":"","overlay-opacity":"","overlay-gradient":""},"mobile":{"background-color":"","background-image":"","background-repeat":"repeat","background-position":"center center","background-size":"auto","background-attachment":"scroll","background-type":"","background-media":"","overlay-type":"","overlay-color":"","overlay-opacity":"","overlay-gradient":""}},"ast-content-background-meta":{"desktop":{"background-color":"var(--ast-global-color-5)","background-image":"","background-repeat":"repeat","background-position":"center center","background-size":"auto","background-attachment":"scroll","background-type":"","background-media":"","overlay-type":"","overlay-color":"","overlay-opacity":"","overlay-gradient":""},"tablet":{"background-color":"var(--ast-global-color-5)","background-image":"","background-repeat":"repeat","background-position":"center center","background-size":"auto","background-attachment":"scroll","background-type":"","background-media":"","overlay-type":"","overlay-color":"","overlay-opacity":"","overlay-gradient":""},"mobile":{"background-color":"var(--ast-global-color-5)","background-image":"","background-repeat":"repeat","background-position":"center center","background-size":"auto","background-attachment":"scroll","background-type":"","background-media":"","overlay-type":"","overlay-color":"","overlay-opacity":"","overlay-gradient":""}}},"product_brand":[],"product_cat":[22],"product_tag":[],"class_list":{"0":"post-1832","1":"product","2":"type-product","3":"status-publish","4":"has-post-thumbnail","6":"product_cat-cursos","7":"desktop-align-left","8":"tablet-align-left","9":"mobile-align-left","11":"first","12":"instock","13":"virtual","14":"purchasable","15":"product-type-simple"},"_links":{"self":[{"href":"https:\/\/www.thediveshopoldprovidence.com\/es\/wp-json\/wp\/v2\/product\/1832","targetHints":{"allow":["GET"]}}],"collection":[{"href":"https:\/\/www.thediveshopoldprovidence.com\/es\/wp-json\/wp\/v2\/product"}],"about":[{"href":"https:\/\/www.thediveshopoldprovidence.com\/es\/wp-json\/wp\/v2\/types\/product"}],"replies":[{"embeddable":true,"href":"https:\/\/www.thediveshopoldprovidence.com\/es\/wp-json\/wp\/v2\/comments?post=1832"}],"version-history":[{"count":5,"href":"https:\/\/www.thediveshopoldprovidence.com\/es\/wp-json\/wp\/v2\/product\/1832\/revisions"}],"predecessor-version":[{"id":2099,"href":"https:\/\/www.thediveshopoldprovidence.com\/es\/wp-json\/wp\/v2\/product\/1832\/revisions\/2099"}],"wp:featuredmedia":[{"embeddable":true,"href":"https:\/\/www.thediveshopoldprovidence.com\/es\/wp-json\/wp\/v2\/media\/1717"}],"wp:attachment":[{"href":"https:\/\/www.thediveshopoldprovidence.com\/es\/wp-json\/wp\/v2\/media?parent=1832"}],"wp:term":[{"taxonomy":"product_brand","embeddable":true,"href":"https:\/\/www.thediveshopoldprovidence.com\/es\/wp-json\/wp\/v2\/product_brand?post=1832"},{"taxonomy":"product_cat","embeddable":true,"href":"https:\/\/www.thediveshopoldprovidence.com\/es\/wp-json\/wp\/v2\/product_cat?post=1832"},{"taxonomy":"product_tag","embeddable":true,"href":"https:\/\/www.thediveshopoldprovidence.com\/es\/wp-json\/wp\/v2\/product_tag?post=1832"}],"curies":[{"name":"wp","href":"https:\/\/api.w.org\/{rel}","templated":true}]}}