{"id":1827,"date":"2024-07-17T02:00:59","date_gmt":"2024-07-17T02:00:59","guid":{"rendered":"https:\/\/www.thediveshopoldprovidence.com\/?post_type=product&#038;p=1827"},"modified":"2024-12-31T10:44:01","modified_gmt":"2024-12-31T15:44:01","slug":"scuba-diver","status":"publish","type":"product","link":"https:\/\/www.thediveshopoldprovidence.com\/es\/reservas\/cursos\/scuba-diver\/","title":{"rendered":"Scuba Diver"},"content":{"rendered":"<p>Emb\u00e1rcate en un viaje incre\u00edble con el curso PADI Scuba Diver. Este curso es un paso intermedio para lograr la certificaci\u00f3n PADI Open Water Diver (OWD). Al finalizar, podr\u00e1s bucear bajo la gu\u00eda directa de un instructor a una profundidad m\u00e1xima de 12 metros\/40 pies. Tambi\u00e9n podr\u00e1s acceder a llenado de tanques de aire, alquilar o comprar equipo de buceo y participar en actividades de buceo supervisadas. El curso comprende un desarrollo te\u00f3rico integral utilizando un manual en l\u00ednea e-learning PADI, entrenamiento pr\u00e1ctico en aguas confinadas y 2 inmersiones en aguas abiertas, todo ello en un lapso de 2 d\u00edas.<\/p>\n<p>Incluye:<\/p>\n<ul>\n<li>1 inmersi\u00f3n en aguas confinadas y 2 inmersiones diurnas<\/li>\n<li>Equipo de buceo completo (BCD, regulador, m\u00e1scara, tubo, correas y tanques) *Computador de buceo no incluido.<\/li>\n<li>Snack<\/li>\n<li>Instructor<\/li>\n<li>Ducha<\/li>\n<li>Caf\u00e9<\/li>\n<li>Agua<\/li>\n<li>Transporte desde el hotel &#8211; tienda de buceo &#8211; hotel<\/li>\n<\/ul>\n","protected":false},"excerpt":{"rendered":"<p>Emb\u00e1rcate en un viaje incre\u00edble con el curso PADI Scuba Diver. Este curso es un paso intermedio para lograr la certificaci\u00f3n PADI Open Water Diver (OWD). Al finalizar, podr\u00e1s bucear bajo la gu\u00eda directa de un instructor a una profundidad m\u00e1xima de 12 metros\/40 pies. Tambi\u00e9n podr\u00e1s acceder a llenado de tanques de aire, alquilar [&hellip;]<\/p>\n","protected":false},"featured_media":1709,"comment_status":"open","ping_status":"closed","template":"","meta":{"site-sidebar-layout":"default","site-content-layout":"","ast-site-content-layout":"default","site-content-style":"default","site-sidebar-style":"default","ast-global-header-display":"","ast-banner-title-visibility":"","ast-main-header-display":"","ast-hfb-above-header-display":"","ast-hfb-below-header-display":"","ast-hfb-mobile-header-display":"","site-post-title":"","ast-breadcrumbs-content":"","ast-featured-img":"","footer-sml-layout":"","theme-transparent-header-meta":"default","adv-header-id-meta":"","stick-header-meta":"","header-above-stick-meta":"","header-main-stick-meta":"","header-below-stick-meta":"","astra-migrate-meta-layouts":"set","ast-page-background-enabled":"default","ast-page-background-meta":{"desktop":{"background-color":"","background-image":"","background-repeat":"repeat","background-position":"center center","background-size":"auto","background-attachment":"scroll","background-type":"","background-media":"","overlay-type":"","overlay-color":"","overlay-opacity":"","overlay-gradient":""},"tablet":{"background-color":"","background-image":"","background-repeat":"repeat","background-position":"center center","background-size":"auto","background-attachment":"scroll","background-type":"","background-media":"","overlay-type":"","overlay-color":"","overlay-opacity":"","overlay-gradient":""},"mobile":{"background-color":"","background-image":"","background-repeat":"repeat","background-position":"center center","background-size":"auto","background-attachment":"scroll","background-type":"","background-media":"","overlay-type":"","overlay-color":"","overlay-opacity":"","overlay-gradient":""}},"ast-content-background-meta":{"desktop":{"background-color":"var(--ast-global-color-5)","background-image":"","background-repeat":"repeat","background-position":"center center","background-size":"auto","background-attachment":"scroll","background-type":"","background-media":"","overlay-type":"","overlay-color":"","overlay-opacity":"","overlay-gradient":""},"tablet":{"background-color":"var(--ast-global-color-5)","background-image":"","background-repeat":"repeat","background-position":"center center","background-size":"auto","background-attachment":"scroll","background-type":"","background-media":"","overlay-type":"","overlay-color":"","overlay-opacity":"","overlay-gradient":""},"mobile":{"background-color":"var(--ast-global-color-5)","background-image":"","background-repeat":"repeat","background-position":"center center","background-size":"auto","background-attachment":"scroll","background-type":"","background-media":"","overlay-type":"","overlay-color":"","overlay-opacity":"","overlay-gradient":""}}},"product_brand":[],"product_cat":[22],"product_tag":[],"class_list":{"0":"post-1827","1":"product","2":"type-product","3":"status-publish","4":"has-post-thumbnail","6":"product_cat-cursos","7":"desktop-align-left","8":"tablet-align-left","9":"mobile-align-left","11":"first","12":"instock","13":"purchasable","14":"product-type-simple"},"_links":{"self":[{"href":"https:\/\/www.thediveshopoldprovidence.com\/es\/wp-json\/wp\/v2\/product\/1827","targetHints":{"allow":["GET"]}}],"collection":[{"href":"https:\/\/www.thediveshopoldprovidence.com\/es\/wp-json\/wp\/v2\/product"}],"about":[{"href":"https:\/\/www.thediveshopoldprovidence.com\/es\/wp-json\/wp\/v2\/types\/product"}],"replies":[{"embeddable":true,"href":"https:\/\/www.thediveshopoldprovidence.com\/es\/wp-json\/wp\/v2\/comments?post=1827"}],"version-history":[{"count":5,"href":"https:\/\/www.thediveshopoldprovidence.com\/es\/wp-json\/wp\/v2\/product\/1827\/revisions"}],"predecessor-version":[{"id":2100,"href":"https:\/\/www.thediveshopoldprovidence.com\/es\/wp-json\/wp\/v2\/product\/1827\/revisions\/2100"}],"wp:featuredmedia":[{"embeddable":true,"href":"https:\/\/www.thediveshopoldprovidence.com\/es\/wp-json\/wp\/v2\/media\/1709"}],"wp:attachment":[{"href":"https:\/\/www.thediveshopoldprovidence.com\/es\/wp-json\/wp\/v2\/media?parent=1827"}],"wp:term":[{"taxonomy":"product_brand","embeddable":true,"href":"https:\/\/www.thediveshopoldprovidence.com\/es\/wp-json\/wp\/v2\/product_brand?post=1827"},{"taxonomy":"product_cat","embeddable":true,"href":"https:\/\/www.thediveshopoldprovidence.com\/es\/wp-json\/wp\/v2\/product_cat?post=1827"},{"taxonomy":"product_tag","embeddable":true,"href":"https:\/\/www.thediveshopoldprovidence.com\/es\/wp-json\/wp\/v2\/product_tag?post=1827"}],"curies":[{"name":"wp","href":"https:\/\/api.w.org\/{rel}","templated":true}]}}