{"id":1761,"date":"2024-07-14T02:28:05","date_gmt":"2024-07-14T02:28:05","guid":{"rendered":"https:\/\/www.thediveshopoldprovidence.com\/?post_type=product&#038;p=1761"},"modified":"2026-01-01T18:14:25","modified_gmt":"2026-01-01T23:14:25","slug":"minicurso-doble","status":"publish","type":"product","link":"https:\/\/www.thediveshopoldprovidence.com\/es\/reservas\/minicursos-dsd\/minicurso-doble\/","title":{"rendered":"Minicurso Doble"},"content":{"rendered":"<p>Si est\u00e1s interesado en adquirir experiencia en buceo antes de comprometerte con un curso de certificaci\u00f3n y deseas una experiencia de buceo extendida, el programa el programa Discover Scuba Diving (DSD) doble ofrece una inmersi\u00f3n adicional. Practicar\u00e1s en aguas confinadas y vivir\u00e1s la emoci\u00f3n de realizar 2 inmersiones en aguas abiertas con una profundidad m\u00e1xima de 12 metros.<\/p>\n<p>Incluye:<\/p>\n<ul>\n<li>Desarrollo de conocimientos te\u00f3ricos.<\/li>\n<li>1 pr\u00e1ctica en aguas confinadas y 2 inmersiones en el mismo d\u00eda a 12 metros.<\/li>\n<li>Equipo de buceo completo (BCD, regulador, m\u00e1scara, snorkel, correas y tanques) *Computadora de buceo no incluida.<\/li>\n<li>Snack<\/li>\n<li>Instructor<\/li>\n<li>Ducha<\/li>\n<li>Caf\u00e9<\/li>\n<li>Agua<\/li>\n<li>Transporte desde el hotel &#8211; tienda de buceo &#8211; hotel<\/li>\n<\/ul>\n","protected":false},"excerpt":{"rendered":"<p>Si est\u00e1s interesado en adquirir experiencia en buceo antes de comprometerte con un curso de certificaci\u00f3n y deseas una experiencia de buceo extendida, el programa el programa Discover Scuba Diving (DSD) doble ofrece una inmersi\u00f3n adicional. Practicar\u00e1s en aguas confinadas y vivir\u00e1s la emoci\u00f3n de realizar 2 inmersiones en aguas abiertas con una profundidad m\u00e1xima [&hellip;]<\/p>\n","protected":false},"featured_media":1696,"comment_status":"open","ping_status":"closed","template":"","meta":{"site-sidebar-layout":"default","site-content-layout":"","ast-site-content-layout":"default","site-content-style":"default","site-sidebar-style":"default","ast-global-header-display":"","ast-banner-title-visibility":"","ast-main-header-display":"","ast-hfb-above-header-display":"","ast-hfb-below-header-display":"","ast-hfb-mobile-header-display":"","site-post-title":"","ast-breadcrumbs-content":"","ast-featured-img":"","footer-sml-layout":"","theme-transparent-header-meta":"default","adv-header-id-meta":"","stick-header-meta":"","header-above-stick-meta":"","header-main-stick-meta":"","header-below-stick-meta":"","astra-migrate-meta-layouts":"set","ast-page-background-enabled":"default","ast-page-background-meta":{"desktop":{"background-color":"","background-image":"","background-repeat":"repeat","background-position":"center center","background-size":"auto","background-attachment":"scroll","background-type":"","background-media":"","overlay-type":"","overlay-color":"","overlay-opacity":"","overlay-gradient":""},"tablet":{"background-color":"","background-image":"","background-repeat":"repeat","background-position":"center center","background-size":"auto","background-attachment":"scroll","background-type":"","background-media":"","overlay-type":"","overlay-color":"","overlay-opacity":"","overlay-gradient":""},"mobile":{"background-color":"","background-image":"","background-repeat":"repeat","background-position":"center center","background-size":"auto","background-attachment":"scroll","background-type":"","background-media":"","overlay-type":"","overlay-color":"","overlay-opacity":"","overlay-gradient":""}},"ast-content-background-meta":{"desktop":{"background-color":"var(--ast-global-color-5)","background-image":"","background-repeat":"repeat","background-position":"center center","background-size":"auto","background-attachment":"scroll","background-type":"","background-media":"","overlay-type":"","overlay-color":"","overlay-opacity":"","overlay-gradient":""},"tablet":{"background-color":"var(--ast-global-color-5)","background-image":"","background-repeat":"repeat","background-position":"center center","background-size":"auto","background-attachment":"scroll","background-type":"","background-media":"","overlay-type":"","overlay-color":"","overlay-opacity":"","overlay-gradient":""},"mobile":{"background-color":"var(--ast-global-color-5)","background-image":"","background-repeat":"repeat","background-position":"center center","background-size":"auto","background-attachment":"scroll","background-type":"","background-media":"","overlay-type":"","overlay-color":"","overlay-opacity":"","overlay-gradient":""}}},"product_brand":[],"product_cat":[23],"product_tag":[],"class_list":{"0":"post-1761","1":"product","2":"type-product","3":"status-publish","4":"has-post-thumbnail","6":"product_cat-minicursos-dsd","7":"desktop-align-left","8":"tablet-align-left","9":"mobile-align-left","11":"first","12":"instock","13":"purchasable","14":"product-type-simple"},"_links":{"self":[{"href":"https:\/\/www.thediveshopoldprovidence.com\/es\/wp-json\/wp\/v2\/product\/1761","targetHints":{"allow":["GET"]}}],"collection":[{"href":"https:\/\/www.thediveshopoldprovidence.com\/es\/wp-json\/wp\/v2\/product"}],"about":[{"href":"https:\/\/www.thediveshopoldprovidence.com\/es\/wp-json\/wp\/v2\/types\/product"}],"replies":[{"embeddable":true,"href":"https:\/\/www.thediveshopoldprovidence.com\/es\/wp-json\/wp\/v2\/comments?post=1761"}],"version-history":[{"count":4,"href":"https:\/\/www.thediveshopoldprovidence.com\/es\/wp-json\/wp\/v2\/product\/1761\/revisions"}],"predecessor-version":[{"id":2102,"href":"https:\/\/www.thediveshopoldprovidence.com\/es\/wp-json\/wp\/v2\/product\/1761\/revisions\/2102"}],"wp:featuredmedia":[{"embeddable":true,"href":"https:\/\/www.thediveshopoldprovidence.com\/es\/wp-json\/wp\/v2\/media\/1696"}],"wp:attachment":[{"href":"https:\/\/www.thediveshopoldprovidence.com\/es\/wp-json\/wp\/v2\/media?parent=1761"}],"wp:term":[{"taxonomy":"product_brand","embeddable":true,"href":"https:\/\/www.thediveshopoldprovidence.com\/es\/wp-json\/wp\/v2\/product_brand?post=1761"},{"taxonomy":"product_cat","embeddable":true,"href":"https:\/\/www.thediveshopoldprovidence.com\/es\/wp-json\/wp\/v2\/product_cat?post=1761"},{"taxonomy":"product_tag","embeddable":true,"href":"https:\/\/www.thediveshopoldprovidence.com\/es\/wp-json\/wp\/v2\/product_tag?post=1761"}],"curies":[{"name":"wp","href":"https:\/\/api.w.org\/{rel}","templated":true}]}}