{"id":1759,"date":"2024-07-14T02:26:03","date_gmt":"2024-07-14T02:26:03","guid":{"rendered":"https:\/\/www.thediveshopoldprovidence.com\/?post_type=product&#038;p=1759"},"modified":"2026-01-02T23:30:44","modified_gmt":"2026-01-03T04:30:44","slug":"minicurso-sencillo","status":"publish","type":"product","link":"https:\/\/www.thediveshopoldprovidence.com\/es\/reservas\/minicursos-dsd\/minicurso-sencillo\/","title":{"rendered":"Minicurso Sencillo"},"content":{"rendered":"\t\t<div data-elementor-type=\"wp-post\" data-elementor-id=\"1759\" class=\"elementor elementor-1759\">\n\t\t\t\t<div class=\"elementor-element elementor-element-5c197f3 e-flex e-con-boxed e-con e-parent\" data-id=\"5c197f3\" data-element_type=\"container\" data-e-type=\"container\">\n\t\t\t\t\t<div class=\"e-con-inner\">\n\t\t\t\t<div class=\"elementor-element elementor-element-fb37b44 elementor-widget elementor-widget-text-editor\" data-id=\"fb37b44\" data-element_type=\"widget\" data-e-type=\"widget\" data-widget_type=\"text-editor.default\">\n\t\t\t\t<div class=\"elementor-widget-container\">\n\t\t\t\t\t\t\t\t\t<p>Si quieres experimentar el buceo antes de comprometerte con un curso de certificaci\u00f3n, el programa Discover Scuba Diving es perfecto para ti. Practicar\u00e1s en aguas confinadas y vivir\u00e1s la emoci\u00f3n de realizar 1 inmersi\u00f3n en aguas abiertas con una profundidad m\u00e1xima de 12 metros.<\/p><p>Incluye:<\/p><ul><li>Desarrollo de conocimientos te\u00f3ricos.<\/li><li>1 pr\u00e1ctica en aguas confinadas y 1 inmersi\u00f3n a 12 metros.<\/li><li>Equipo de buceo completo (BCD, regulador, m\u00e1scara, snorkel, correas y tanques) *Computadora de buceo no incluida.<\/li><li>Snack<\/li><li>Instructor<\/li><li>Ducha<\/li><li>Caf\u00e9<\/li><li>Agua<\/li><li>Transporte desde el hotel &#8211; tienda de buceo &#8211; hotel<\/li><\/ul>\t\t\t\t\t\t\t\t<\/div>\n\t\t\t\t<\/div>\n\t\t\t\t\t<\/div>\n\t\t\t\t<\/div>\n\t\t<div class=\"elementor-element elementor-element-b443d94 e-flex e-con-boxed e-con e-parent\" data-id=\"b443d94\" data-element_type=\"container\" data-e-type=\"container\">\n\t\t\t\t\t<div class=\"e-con-inner\">\n\t\t\t\t\t<\/div>\n\t\t\t\t<\/div>\n\t\t\t\t<\/div>\n\t\t","protected":false},"excerpt":{"rendered":"<p>Si quieres experimentar el buceo antes de comprometerte con un curso de certificaci\u00f3n, el programa Discover Scuba Diving es perfecto para ti. Practicar\u00e1s en aguas confinadas y vivir\u00e1s la emoci\u00f3n de realizar 1 inmersi\u00f3n en aguas abiertas con una profundidad m\u00e1xima de 12 metros. Incluye: Desarrollo de conocimientos te\u00f3ricos. 1 pr\u00e1ctica en aguas confinadas y [&hellip;]<\/p>\n","protected":false},"featured_media":1694,"comment_status":"open","ping_status":"closed","template":"","meta":{"site-sidebar-layout":"default","site-content-layout":"","ast-site-content-layout":"default","site-content-style":"default","site-sidebar-style":"default","ast-global-header-display":"","ast-banner-title-visibility":"","ast-main-header-display":"","ast-hfb-above-header-display":"","ast-hfb-below-header-display":"","ast-hfb-mobile-header-display":"","site-post-title":"","ast-breadcrumbs-content":"","ast-featured-img":"","footer-sml-layout":"","theme-transparent-header-meta":"default","adv-header-id-meta":"","stick-header-meta":"","header-above-stick-meta":"","header-main-stick-meta":"","header-below-stick-meta":"","astra-migrate-meta-layouts":"set","ast-page-background-enabled":"default","ast-page-background-meta":{"desktop":{"background-color":"","background-image":"","background-repeat":"repeat","background-position":"center center","background-size":"auto","background-attachment":"scroll","background-type":"","background-media":"","overlay-type":"","overlay-color":"","overlay-opacity":"","overlay-gradient":""},"tablet":{"background-color":"","background-image":"","background-repeat":"repeat","background-position":"center center","background-size":"auto","background-attachment":"scroll","background-type":"","background-media":"","overlay-type":"","overlay-color":"","overlay-opacity":"","overlay-gradient":""},"mobile":{"background-color":"","background-image":"","background-repeat":"repeat","background-position":"center center","background-size":"auto","background-attachment":"scroll","background-type":"","background-media":"","overlay-type":"","overlay-color":"","overlay-opacity":"","overlay-gradient":""}},"ast-content-background-meta":{"desktop":{"background-color":"var(--ast-global-color-5)","background-image":"","background-repeat":"repeat","background-position":"center center","background-size":"auto","background-attachment":"scroll","background-type":"","background-media":"","overlay-type":"","overlay-color":"","overlay-opacity":"","overlay-gradient":""},"tablet":{"background-color":"var(--ast-global-color-5)","background-image":"","background-repeat":"repeat","background-position":"center center","background-size":"auto","background-attachment":"scroll","background-type":"","background-media":"","overlay-type":"","overlay-color":"","overlay-opacity":"","overlay-gradient":""},"mobile":{"background-color":"var(--ast-global-color-5)","background-image":"","background-repeat":"repeat","background-position":"center center","background-size":"auto","background-attachment":"scroll","background-type":"","background-media":"","overlay-type":"","overlay-color":"","overlay-opacity":"","overlay-gradient":""}}},"product_brand":[],"product_cat":[23],"product_tag":[],"class_list":{"0":"post-1759","1":"product","2":"type-product","3":"status-publish","4":"has-post-thumbnail","6":"product_cat-minicursos-dsd","7":"desktop-align-left","8":"tablet-align-left","9":"mobile-align-left","11":"first","12":"instock","13":"purchasable","14":"product-type-simple"},"_links":{"self":[{"href":"https:\/\/www.thediveshopoldprovidence.com\/es\/wp-json\/wp\/v2\/product\/1759","targetHints":{"allow":["GET"]}}],"collection":[{"href":"https:\/\/www.thediveshopoldprovidence.com\/es\/wp-json\/wp\/v2\/product"}],"about":[{"href":"https:\/\/www.thediveshopoldprovidence.com\/es\/wp-json\/wp\/v2\/types\/product"}],"replies":[{"embeddable":true,"href":"https:\/\/www.thediveshopoldprovidence.com\/es\/wp-json\/wp\/v2\/comments?post=1759"}],"version-history":[{"count":33,"href":"https:\/\/www.thediveshopoldprovidence.com\/es\/wp-json\/wp\/v2\/product\/1759\/revisions"}],"predecessor-version":[{"id":2173,"href":"https:\/\/www.thediveshopoldprovidence.com\/es\/wp-json\/wp\/v2\/product\/1759\/revisions\/2173"}],"wp:featuredmedia":[{"embeddable":true,"href":"https:\/\/www.thediveshopoldprovidence.com\/es\/wp-json\/wp\/v2\/media\/1694"}],"wp:attachment":[{"href":"https:\/\/www.thediveshopoldprovidence.com\/es\/wp-json\/wp\/v2\/media?parent=1759"}],"wp:term":[{"taxonomy":"product_brand","embeddable":true,"href":"https:\/\/www.thediveshopoldprovidence.com\/es\/wp-json\/wp\/v2\/product_brand?post=1759"},{"taxonomy":"product_cat","embeddable":true,"href":"https:\/\/www.thediveshopoldprovidence.com\/es\/wp-json\/wp\/v2\/product_cat?post=1759"},{"taxonomy":"product_tag","embeddable":true,"href":"https:\/\/www.thediveshopoldprovidence.com\/es\/wp-json\/wp\/v2\/product_tag?post=1759"}],"curies":[{"name":"wp","href":"https:\/\/api.w.org\/{rel}","templated":true}]}}