{"id":1213,"date":"2024-07-06T01:46:26","date_gmt":"2024-07-06T01:46:26","guid":{"rendered":"https:\/\/www.thediveshopoldprovidence.com\/?page_id=1213"},"modified":"2026-02-17T19:07:13","modified_gmt":"2026-02-18T00:07:13","slug":"old-providence","status":"publish","type":"page","link":"https:\/\/www.thediveshopoldprovidence.com\/es\/old-providence\/","title":{"rendered":"Old Providence"},"content":{"rendered":"\t\t<div data-elementor-type=\"wp-page\" data-elementor-id=\"1213\" class=\"elementor elementor-1213\">\n\t\t\t\t<div class=\"elementor-element elementor-element-9976d0f e-flex e-con-boxed e-con e-parent\" data-id=\"9976d0f\" data-element_type=\"container\" data-e-type=\"container\" data-settings=\"{&quot;background_background&quot;:&quot;classic&quot;}\">\n\t\t\t\t\t<div class=\"e-con-inner\">\n\t\t<div class=\"elementor-element elementor-element-acdbfb5 e-con-full e-flex e-con e-child\" data-id=\"acdbfb5\" data-element_type=\"container\" data-e-type=\"container\">\n\t\t\t\t<div class=\"elementor-element elementor-element-56735c2 elementor-widget elementor-widget-spacer\" data-id=\"56735c2\" data-element_type=\"widget\" data-e-type=\"widget\" data-widget_type=\"spacer.default\">\n\t\t\t\t<div class=\"elementor-widget-container\">\n\t\t\t\t\t\t\t<div class=\"elementor-spacer\">\n\t\t\t<div class=\"elementor-spacer-inner\"><\/div>\n\t\t<\/div>\n\t\t\t\t\t\t<\/div>\n\t\t\t\t<\/div>\n\t\t\t\t<\/div>\n\t\t\t\t<div class=\"elementor-element elementor-element-ea4364c elementor-widget elementor-widget-heading\" data-id=\"ea4364c\" data-element_type=\"widget\" data-e-type=\"widget\" data-widget_type=\"heading.default\">\n\t\t\t\t<div class=\"elementor-widget-container\">\n\t\t\t\t\t<h2 class=\"elementor-heading-title elementor-size-default\">Providencia y Santa Catalina Islas<\/h2>\t\t\t\t<\/div>\n\t\t\t\t<\/div>\n\t\t\t\t<div class=\"elementor-element elementor-element-4ae95ff elementor-widget elementor-widget-spacer\" data-id=\"4ae95ff\" data-element_type=\"widget\" data-e-type=\"widget\" data-widget_type=\"spacer.default\">\n\t\t\t\t<div class=\"elementor-widget-container\">\n\t\t\t\t\t\t\t<div class=\"elementor-spacer\">\n\t\t\t<div class=\"elementor-spacer-inner\"><\/div>\n\t\t<\/div>\n\t\t\t\t\t\t<\/div>\n\t\t\t\t<\/div>\n\t\t\t\t\t<\/div>\n\t\t\t\t<\/div>\n\t\t<div class=\"elementor-element elementor-element-8d69b98 e-flex e-con-boxed e-con e-parent\" data-id=\"8d69b98\" data-element_type=\"container\" data-e-type=\"container\">\n\t\t\t\t\t<div class=\"e-con-inner\">\n\t\t\t\t<div class=\"elementor-element elementor-element-ff57497 elementor-widget elementor-widget-spacer\" data-id=\"ff57497\" data-element_type=\"widget\" data-e-type=\"widget\" data-widget_type=\"spacer.default\">\n\t\t\t\t<div class=\"elementor-widget-container\">\n\t\t\t\t\t\t\t<div class=\"elementor-spacer\">\n\t\t\t<div class=\"elementor-spacer-inner\"><\/div>\n\t\t<\/div>\n\t\t\t\t\t\t<\/div>\n\t\t\t\t<\/div>\n\t\t\t\t\t<\/div>\n\t\t\t\t<\/div>\n\t\t<div class=\"elementor-element elementor-element-7c600e1 e-flex e-con-boxed e-con e-parent\" data-id=\"7c600e1\" data-element_type=\"container\" data-e-type=\"container\">\n\t\t\t\t\t<div class=\"e-con-inner\">\n\t\t<div class=\"elementor-element elementor-element-3726e7c e-con-full e-flex e-con e-child\" data-id=\"3726e7c\" data-element_type=\"container\" data-e-type=\"container\">\n\t\t\t\t<div class=\"elementor-element elementor-element-2bdfe93 elementor-widget elementor-widget-image\" data-id=\"2bdfe93\" data-element_type=\"widget\" data-e-type=\"widget\" data-widget_type=\"image.default\">\n\t\t\t\t<div class=\"elementor-widget-container\">\n\t\t\t\t\t\t\t\t\t\t\t\t\t\t\t<img fetchpriority=\"high\" decoding=\"async\" width=\"791\" height=\"1024\" src=\"https:\/\/www.thediveshopoldprovidence.com\/wp-content\/uploads\/2024\/07\/Providencia-791x1024.png\" class=\"attachment-large size-large wp-image-1589\" alt=\"\" srcset=\"https:\/\/www.thediveshopoldprovidence.com\/wp-content\/uploads\/2024\/07\/Providencia-791x1024.png 791w, https:\/\/www.thediveshopoldprovidence.com\/wp-content\/uploads\/2024\/07\/Providencia-232x300.png 232w, https:\/\/www.thediveshopoldprovidence.com\/wp-content\/uploads\/2024\/07\/Providencia-768x994.png 768w, https:\/\/www.thediveshopoldprovidence.com\/wp-content\/uploads\/2024\/07\/Providencia-1187x1536.png 1187w, https:\/\/www.thediveshopoldprovidence.com\/wp-content\/uploads\/2024\/07\/Providencia-1583x2048.png 1583w, https:\/\/www.thediveshopoldprovidence.com\/wp-content\/uploads\/2024\/07\/Providencia-600x776.png 600w\" sizes=\"(max-width: 791px) 100vw, 791px\" \/>\t\t\t\t\t\t\t\t\t\t\t\t\t\t\t<\/div>\n\t\t\t\t<\/div>\n\t\t\t\t<\/div>\n\t\t<div class=\"elementor-element elementor-element-83928f9 e-con-full e-flex e-con e-child\" data-id=\"83928f9\" data-element_type=\"container\" data-e-type=\"container\">\n\t\t\t\t<div class=\"elementor-element elementor-element-eb881e9 elementor-widget elementor-widget-heading\" data-id=\"eb881e9\" data-element_type=\"widget\" data-e-type=\"widget\" data-widget_type=\"heading.default\">\n\t\t\t\t<div class=\"elementor-widget-container\">\n\t\t\t\t\t<h2 class=\"elementor-heading-title elementor-size-default\">Sobre las islas<\/h2>\t\t\t\t<\/div>\n\t\t\t\t<\/div>\n\t\t<div class=\"elementor-element elementor-element-7eb7b53 e-con-full e-flex e-con e-child\" data-id=\"7eb7b53\" data-element_type=\"container\" data-e-type=\"container\">\n\t\t\t\t<div class=\"elementor-element elementor-element-fc20d64 elementor-widget elementor-widget-text-editor\" data-id=\"fc20d64\" data-element_type=\"widget\" data-e-type=\"widget\" data-widget_type=\"text-editor.default\">\n\t\t\t\t<div class=\"elementor-widget-container\">\n\t\t\t\t\t\t\t\t\t<p>Providencia (Old Providence) y Santa Catalina (Ketlina) son dos peque\u00f1as islas oce\u00e1nicas de or\u00edgen volc\u00e1nico ubicadas en el mar Caribe colombiano con un \u00e1rea de 18 km\u00b2. Hacen parte del archipi\u00e9lago de San Andr\u00e9s, Providencia y Santa Catalina, que hace parte de la reserva de Biosfera Seaflower, declarada en 2000 por la UNESCO por sus valores naturales, culturales e hist\u00f3ricos. Providencia y Santa Catalina se encuentran a 95 km del norte de San Andr\u00e9s isla y ambas islas se separan por un canal poco profundo de 150 m.<\/p><p>Providencia tiene la tercera barrera arrecifal m\u00e1s grande del mundo y la segunda m\u00e1s grande en el Caribe. La temperatura del agua oscila entre los 28\u00b0C y los 32\u00b0C y se alcanza una visibilidad hasta de 100 pies (30 metros), lo que hace de Providencia y Santa Catalina un destino excepcionalmente atractivo para buzos de todos los niveles. Conocida por tener el mar de los 7 colores, los paisajes submarinos diversos y manglares que ti\u00f1en de verde, se convierte en el hogar de una variedad de peces coloridos, tiburones, rayas y cientos de especies marinas.<\/p><p>Las islas tienen distintas zonas como:<\/p><ul><li>Bah\u00edas: Catalina, Aguamansa, Manzanillo, Suroeste y Aguadulce.<\/li><li>Puntas: San Juan, Rocosa y El Faro.<\/li><li>Cayos: Cayo Cangrejo (Crab Cay), Tres Hermanos (Three Brothers Cay), Suroeste (Southwest Cay) y Casabaja (Bottom House Cay).<\/li><\/ul><p>En el archipi\u00e9lago se habla tanto espa\u00f1ol como ingl\u00e9s denominado Ingl\u00e9s creole, hablado por la poblaci\u00f3n raizal del archipi\u00e9lago.<\/p>\t\t\t\t\t\t\t\t<\/div>\n\t\t\t\t<\/div>\n\t\t\t\t<\/div>\n\t\t\t\t<\/div>\n\t\t\t\t\t<\/div>\n\t\t\t\t<\/div>\n\t\t<div class=\"elementor-element elementor-element-07eeccd e-flex e-con-boxed e-con e-parent\" data-id=\"07eeccd\" data-element_type=\"container\" data-e-type=\"container\">\n\t\t\t\t\t<div class=\"e-con-inner\">\n\t\t\t\t<div class=\"elementor-element elementor-element-b49d670 elementor-widget elementor-widget-heading\" data-id=\"b49d670\" data-element_type=\"widget\" data-e-type=\"widget\" data-widget_type=\"heading.default\">\n\t\t\t\t<div class=\"elementor-widget-container\">\n\t\t\t\t\t<h2 class=\"elementor-heading-title elementor-size-default\">C\u00f3mo llegar a Providencia<\/h2>\t\t\t\t<\/div>\n\t\t\t\t<\/div>\n\t\t<div class=\"elementor-element elementor-element-297685d e-con-full e-flex e-con e-child\" data-id=\"297685d\" data-element_type=\"container\" data-e-type=\"container\">\n\t\t\t\t<div class=\"elementor-element elementor-element-421a782 elementor-widget elementor-widget-text-editor\" data-id=\"421a782\" data-element_type=\"widget\" data-e-type=\"widget\" data-widget_type=\"text-editor.default\">\n\t\t\t\t<div class=\"elementor-widget-container\">\n\t\t\t\t\t\t\t\t\t<p>Lo primero que debes hacer es llegar a San Andr\u00e9s, hay tres aerol\u00edneas disponibles Avianca, Latam (desde distintas ciudades de Colombia) y Copa Airlines (desde Panam\u00e1). Para iniciar tu aventura hacia la isla, puedes tomar un avi\u00f3n que dura 20 minutos en llegar, operado por la compa\u00f1ia Satena.<\/p>\t\t\t\t\t\t\t\t<\/div>\n\t\t\t\t<\/div>\n\t\t\t\t<\/div>\n\t\t<div class=\"elementor-element elementor-element-c8f3d4b e-con-full e-flex e-con e-child\" data-id=\"c8f3d4b\" data-element_type=\"container\" data-e-type=\"container\">\n\t\t\t\t<div class=\"elementor-element elementor-element-ab7ca70 elementor-widget elementor-widget-text-editor\" data-id=\"ab7ca70\" data-element_type=\"widget\" data-e-type=\"widget\" data-widget_type=\"text-editor.default\">\n\t\t\t\t<div class=\"elementor-widget-container\">\n\t\t\t\t\t\t\t\t\t<p><strong>\u00a1Es hora de emprender tu viaje!<\/strong><\/p>\t\t\t\t\t\t\t\t<\/div>\n\t\t\t\t<\/div>\n\t\t\t\t<\/div>\n\t\t\t\t\t<\/div>\n\t\t\t\t<\/div>\n\t\t<div class=\"elementor-element elementor-element-11bc4ab e-flex e-con-boxed e-con e-parent\" data-id=\"11bc4ab\" data-element_type=\"container\" data-e-type=\"container\">\n\t\t\t\t\t<div class=\"e-con-inner\">\n\t\t<div class=\"elementor-element elementor-element-695903c e-con-full e-flex e-con e-child\" data-id=\"695903c\" data-element_type=\"container\" data-e-type=\"container\">\n\t\t\t\t<div class=\"elementor-element elementor-element-be12ae7 elementor-widget elementor-widget-heading\" data-id=\"be12ae7\" data-element_type=\"widget\" data-e-type=\"widget\" data-widget_type=\"heading.default\">\n\t\t\t\t<div class=\"elementor-widget-container\">\n\t\t\t\t\t<h2 class=\"elementor-heading-title elementor-size-default\">Planes<\/h2>\t\t\t\t<\/div>\n\t\t\t\t<\/div>\n\t\t\t\t<div class=\"elementor-element elementor-element-2e13400 elementor-widget elementor-widget-text-editor\" data-id=\"2e13400\" data-element_type=\"widget\" data-e-type=\"widget\" data-widget_type=\"text-editor.default\">\n\t\t\t\t<div class=\"elementor-widget-container\">\n\t\t\t\t\t\t\t\t\t<ul><li>Recorrer la v\u00eda Circunvalar en moto o &#8220;mulita&#8221; para apreciar la arquitectura isle\u00f1a y el mar.<\/li><li>Caminar el Puente de los Enamorados, de unos 150 m de largo, cruzando desde Providencia hacia Santa Catalina.<\/li><li>Visitar las playas: Manzanillo, Bah\u00eda Suroeste, Almond Bay y Agua Dulce.<\/li><li>Subir a El Pico, el punto m\u00e1s alto de la isla ubicado a 360 m.s.n.m, ideal para hacer trekking.<\/li><li>Dar un paseo en bote alrededor de la isla y hacer snorkeling en cayo Cangrejo y zonas alrededor de la isla.<\/li><li>Conocer Santa Catalina, cruzando el Puente de los Enamorados y caminar por la monta\u00f1a para llegar a la playa Fort Bay y la Cabeza de Morgan.<\/li><li>Ver las carreras de caballos y de botes con velas que se hacen espor\u00e1dicamente en la Bah\u00eda de Suroeste.<\/li><li>Hacer un tour de pesca con l\u00ednea de mano o ca\u00f1as de pescar.<\/li><li>Avistamiento de aves y de reptiles.<\/li><li>Kayak en distintos puntos de la isla.<\/li><li>La migraci\u00f3n del cangrejo negro que cubre un tercio de la isla.<\/li><\/ul>\t\t\t\t\t\t\t\t<\/div>\n\t\t\t\t<\/div>\n\t\t\t\t<\/div>\n\t\t<div class=\"elementor-element elementor-element-f6d5a31 e-con-full e-flex e-con e-child\" data-id=\"f6d5a31\" data-element_type=\"container\" data-e-type=\"container\">\n\t\t\t\t<div class=\"elementor-element elementor-element-cf5a343 elementor-widget__width-initial elementor-widget elementor-widget-image\" data-id=\"cf5a343\" data-element_type=\"widget\" data-e-type=\"widget\" data-widget_type=\"image.default\">\n\t\t\t\t<div class=\"elementor-widget-container\">\n\t\t\t\t\t\t\t\t\t\t\t\t\t\t\t<img decoding=\"async\" width=\"1024\" height=\"768\" src=\"https:\/\/www.thediveshopoldprovidence.com\/wp-content\/uploads\/2024\/07\/NVMR8741-1024x768.jpg\" class=\"attachment-large size-large wp-image-1511\" alt=\"\" srcset=\"https:\/\/www.thediveshopoldprovidence.com\/wp-content\/uploads\/2024\/07\/NVMR8741-1024x768.jpg 1024w, https:\/\/www.thediveshopoldprovidence.com\/wp-content\/uploads\/2024\/07\/NVMR8741-300x225.jpg 300w, https:\/\/www.thediveshopoldprovidence.com\/wp-content\/uploads\/2024\/07\/NVMR8741-768x576.jpg 768w, https:\/\/www.thediveshopoldprovidence.com\/wp-content\/uploads\/2024\/07\/NVMR8741-1536x1152.jpg 1536w, https:\/\/www.thediveshopoldprovidence.com\/wp-content\/uploads\/2024\/07\/NVMR8741-2048x1536.jpg 2048w, https:\/\/www.thediveshopoldprovidence.com\/wp-content\/uploads\/2024\/07\/NVMR8741-600x450.jpg 600w\" sizes=\"(max-width: 1024px) 100vw, 1024px\" \/>\t\t\t\t\t\t\t\t\t\t\t\t\t\t\t<\/div>\n\t\t\t\t<\/div>\n\t\t\t\t<\/div>\n\t\t\t\t\t<\/div>\n\t\t\t\t<\/div>\n\t\t\t\t<\/div>\n\t\t","protected":false},"excerpt":{"rendered":"<p>Providencia y Santa Catalina Islas Sobre las islas Providencia (Old Providence) y Santa Catalina (Ketlina) son dos peque\u00f1as islas oce\u00e1nicas de or\u00edgen volc\u00e1nico ubicadas en el mar Caribe colombiano con un \u00e1rea de 18 km\u00b2. Hacen parte del archipi\u00e9lago de San Andr\u00e9s, Providencia y Santa Catalina, que hace parte de la reserva de Biosfera Seaflower, [&hellip;]<\/p>\n","protected":false},"author":1,"featured_media":0,"parent":0,"menu_order":0,"comment_status":"closed","ping_status":"closed","template":"","meta":{"site-sidebar-layout":"no-sidebar","site-content-layout":"page-builder","ast-site-content-layout":"full-width-container","site-content-style":"boxed","site-sidebar-style":"unboxed","ast-global-header-display":"","ast-banner-title-visibility":"","ast-main-header-display":"","ast-hfb-above-header-display":"","ast-hfb-below-header-display":"","ast-hfb-mobile-header-display":"","site-post-title":"disabled","ast-breadcrumbs-content":"","ast-featured-img":"disabled","footer-sml-layout":"","theme-transparent-header-meta":"","adv-header-id-meta":"","stick-header-meta":"","header-above-stick-meta":"","header-main-stick-meta":"","header-below-stick-meta":"","astra-migrate-meta-layouts":"set","ast-page-background-enabled":"default","ast-page-background-meta":{"desktop":{"background-color":"","background-image":"","background-repeat":"repeat","background-position":"center center","background-size":"auto","background-attachment":"scroll","background-type":"","background-media":"","overlay-type":"","overlay-color":"","overlay-opacity":"","overlay-gradient":""},"tablet":{"background-color":"","background-image":"","background-repeat":"repeat","background-position":"center center","background-size":"auto","background-attachment":"scroll","background-type":"","background-media":"","overlay-type":"","overlay-color":"","overlay-opacity":"","overlay-gradient":""},"mobile":{"background-color":"","background-image":"","background-repeat":"repeat","background-position":"center center","background-size":"auto","background-attachment":"scroll","background-type":"","background-media":"","overlay-type":"","overlay-color":"","overlay-opacity":"","overlay-gradient":""}},"ast-content-background-meta":{"desktop":{"background-color":"var(--ast-global-color-5)","background-image":"","background-repeat":"repeat","background-position":"center center","background-size":"auto","background-attachment":"scroll","background-type":"","background-media":"","overlay-type":"","overlay-color":"","overlay-opacity":"","overlay-gradient":""},"tablet":{"background-color":"var(--ast-global-color-5)","background-image":"","background-repeat":"repeat","background-position":"center center","background-size":"auto","background-attachment":"scroll","background-type":"","background-media":"","overlay-type":"","overlay-color":"","overlay-opacity":"","overlay-gradient":""},"mobile":{"background-color":"var(--ast-global-color-5)","background-image":"","background-repeat":"repeat","background-position":"center center","background-size":"auto","background-attachment":"scroll","background-type":"","background-media":"","overlay-type":"","overlay-color":"","overlay-opacity":"","overlay-gradient":""}},"footnotes":""},"class_list":["post-1213","page","type-page","status-publish","hentry"],"_links":{"self":[{"href":"https:\/\/www.thediveshopoldprovidence.com\/es\/wp-json\/wp\/v2\/pages\/1213","targetHints":{"allow":["GET"]}}],"collection":[{"href":"https:\/\/www.thediveshopoldprovidence.com\/es\/wp-json\/wp\/v2\/pages"}],"about":[{"href":"https:\/\/www.thediveshopoldprovidence.com\/es\/wp-json\/wp\/v2\/types\/page"}],"author":[{"embeddable":true,"href":"https:\/\/www.thediveshopoldprovidence.com\/es\/wp-json\/wp\/v2\/users\/1"}],"replies":[{"embeddable":true,"href":"https:\/\/www.thediveshopoldprovidence.com\/es\/wp-json\/wp\/v2\/comments?post=1213"}],"version-history":[{"count":50,"href":"https:\/\/www.thediveshopoldprovidence.com\/es\/wp-json\/wp\/v2\/pages\/1213\/revisions"}],"predecessor-version":[{"id":5592,"href":"https:\/\/www.thediveshopoldprovidence.com\/es\/wp-json\/wp\/v2\/pages\/1213\/revisions\/5592"}],"wp:attachment":[{"href":"https:\/\/www.thediveshopoldprovidence.com\/es\/wp-json\/wp\/v2\/media?parent=1213"}],"curies":[{"name":"wp","href":"https:\/\/api.w.org\/{rel}","templated":true}]}}