{"id":1765,"date":"2024-07-14T02:50:05","date_gmt":"2024-07-14T02:50:05","guid":{"rendered":"https:\/\/www.thediveshopoldprovidence.com\/?post_type=product&#038;p=1765"},"modified":"2026-01-01T18:14:15","modified_gmt":"2026-01-01T23:14:15","slug":"open-water-diver","status":"publish","type":"product","link":"https:\/\/www.thediveshopoldprovidence.com\/en\/reservas\/cursos\/open-water-diver\/","title":{"rendered":"Open Water Diver"},"content":{"rendered":"<p>Embark on an incredible journey to become a certified open water diver with the exciting PADI Open Water Diver course! This entry-level certification combines theoretical study through PADI's practical online e-learning manual with three days of confined-water practice, followed by four open-water dives reaching a maximum depth of 18 meters.<\/p>\n<p>Includes:<\/p>\n<ul>\n<li>1 confined-water practice and 4 open water dives<\/li>\n<li>Complete diving gear (BCD, regulator, mask, snorkel, weight belt, and tanks) *Diving computer not included.<\/li>\n<li>Snack<\/li>\n<li>Instructor<\/li>\n<li>Shower<\/li>\n<li>Coffee<\/li>\n<li>Water<\/li>\n<li>Transportation from the hotel \u2013 dive shop \u2013 hotel<\/li>\n<\/ul>","protected":false},"excerpt":{"rendered":"<p>\u00a1Emb\u00e1rcate en un viaje incre\u00edble para convertirte en un buceador certificado en aguas abiertas a trav\u00e9s del emocionante curso PADI Open Water Diver! Esta certificaci\u00f3n de nivel principiante ofrece una atractiva combinaci\u00f3n de estudio te\u00f3rico utilizando el pr\u00e1ctico manual en l\u00ednea de aprendizaje e-learning de PADI. Durante 3 incre\u00edbles d\u00edas de pr\u00e1ctica pr\u00e1ctica en aguas [&hellip;]<\/p>\n","protected":false},"featured_media":1708,"comment_status":"open","ping_status":"closed","template":"","meta":{"site-sidebar-layout":"default","site-content-layout":"","ast-site-content-layout":"default","site-content-style":"default","site-sidebar-style":"default","ast-global-header-display":"","ast-banner-title-visibility":"","ast-main-header-display":"","ast-hfb-above-header-display":"","ast-hfb-below-header-display":"","ast-hfb-mobile-header-display":"","site-post-title":"","ast-breadcrumbs-content":"","ast-featured-img":"","footer-sml-layout":"","theme-transparent-header-meta":"default","adv-header-id-meta":"","stick-header-meta":"","header-above-stick-meta":"","header-main-stick-meta":"","header-below-stick-meta":"","astra-migrate-meta-layouts":"set","ast-page-background-enabled":"default","ast-page-background-meta":{"desktop":{"background-color":"","background-image":"","background-repeat":"repeat","background-position":"center center","background-size":"auto","background-attachment":"scroll","background-type":"","background-media":"","overlay-type":"","overlay-color":"","overlay-opacity":"","overlay-gradient":""},"tablet":{"background-color":"","background-image":"","background-repeat":"repeat","background-position":"center center","background-size":"auto","background-attachment":"scroll","background-type":"","background-media":"","overlay-type":"","overlay-color":"","overlay-opacity":"","overlay-gradient":""},"mobile":{"background-color":"","background-image":"","background-repeat":"repeat","background-position":"center center","background-size":"auto","background-attachment":"scroll","background-type":"","background-media":"","overlay-type":"","overlay-color":"","overlay-opacity":"","overlay-gradient":""}},"ast-content-background-meta":{"desktop":{"background-color":"var(--ast-global-color-5)","background-image":"","background-repeat":"repeat","background-position":"center center","background-size":"auto","background-attachment":"scroll","background-type":"","background-media":"","overlay-type":"","overlay-color":"","overlay-opacity":"","overlay-gradient":""},"tablet":{"background-color":"var(--ast-global-color-5)","background-image":"","background-repeat":"repeat","background-position":"center center","background-size":"auto","background-attachment":"scroll","background-type":"","background-media":"","overlay-type":"","overlay-color":"","overlay-opacity":"","overlay-gradient":""},"mobile":{"background-color":"var(--ast-global-color-5)","background-image":"","background-repeat":"repeat","background-position":"center center","background-size":"auto","background-attachment":"scroll","background-type":"","background-media":"","overlay-type":"","overlay-color":"","overlay-opacity":"","overlay-gradient":""}}},"product_brand":[],"product_cat":[22],"product_tag":[],"class_list":{"0":"post-1765","1":"product","2":"type-product","3":"status-publish","4":"has-post-thumbnail","6":"product_cat-cursos","7":"desktop-align-left","8":"tablet-align-left","9":"mobile-align-left","11":"first","12":"instock","13":"purchasable","14":"product-type-simple"},"_links":{"self":[{"href":"https:\/\/www.thediveshopoldprovidence.com\/en\/wp-json\/wp\/v2\/product\/1765","targetHints":{"allow":["GET"]}}],"collection":[{"href":"https:\/\/www.thediveshopoldprovidence.com\/en\/wp-json\/wp\/v2\/product"}],"about":[{"href":"https:\/\/www.thediveshopoldprovidence.com\/en\/wp-json\/wp\/v2\/types\/product"}],"replies":[{"embeddable":true,"href":"https:\/\/www.thediveshopoldprovidence.com\/en\/wp-json\/wp\/v2\/comments?post=1765"}],"version-history":[{"count":7,"href":"https:\/\/www.thediveshopoldprovidence.com\/en\/wp-json\/wp\/v2\/product\/1765\/revisions"}],"predecessor-version":[{"id":2101,"href":"https:\/\/www.thediveshopoldprovidence.com\/en\/wp-json\/wp\/v2\/product\/1765\/revisions\/2101"}],"wp:featuredmedia":[{"embeddable":true,"href":"https:\/\/www.thediveshopoldprovidence.com\/en\/wp-json\/wp\/v2\/media\/1708"}],"wp:attachment":[{"href":"https:\/\/www.thediveshopoldprovidence.com\/en\/wp-json\/wp\/v2\/media?parent=1765"}],"wp:term":[{"taxonomy":"product_brand","embeddable":true,"href":"https:\/\/www.thediveshopoldprovidence.com\/en\/wp-json\/wp\/v2\/product_brand?post=1765"},{"taxonomy":"product_cat","embeddable":true,"href":"https:\/\/www.thediveshopoldprovidence.com\/en\/wp-json\/wp\/v2\/product_cat?post=1765"},{"taxonomy":"product_tag","embeddable":true,"href":"https:\/\/www.thediveshopoldprovidence.com\/en\/wp-json\/wp\/v2\/product_tag?post=1765"}],"curies":[{"name":"wp","href":"https:\/\/api.w.org\/{rel}","templated":true}]}}